{"id":205,"date":"2022-02-14T08:55:24","date_gmt":"2022-02-14T08:55:24","guid":{"rendered":"http:\/\/www.outiromero.fi\/?page_id=205"},"modified":"2025-04-01T09:47:48","modified_gmt":"2025-04-01T09:47:48","slug":"205-2","status":"publish","type":"page","link":"https:\/\/www.outiromero.fi\/","title":{"rendered":"Etusivu-uusi"},"content":{"rendered":"[vc_row][vc_column][vc_single_image image=&#8221;246&#8243; img_size=&#8221;full&#8221; add_caption=&#8221;yes&#8221;][mk_fancy_title size=&#8221;59&#8243; force_font_size=&#8221;true&#8221; font_family=&#8221;Roboto+Slab&#8221; font_type=&#8221;google&#8221;]\n<p style=\"text-align: left;\">Luotettavasti tieteest\u00e4, ty\u00f6el\u00e4m\u00e4st\u00e4 ja terveydest\u00e4<\/p>\n[\/mk_fancy_title][\/vc_column][\/vc_row][vc_row][vc_column][vc_separator][mk_fancy_title size=&#8221;30&#8243; font_family=&#8221;none&#8221; align=&#8221;center&#8221;]\n<p style=\"text-align: left;\">Tarvitsetko taidokasta teksti\u00e4, jossa faktat ovat kohdillaan?\u00a0Olet oikeassa paikassa.\u00a0Minulta saat sytytt\u00e4vi\u00e4 sanoja tiedosta tinkim\u00e4tt\u00e4, olipa kyse mediaviestinn\u00e4st\u00e4, myynti\u00e4 edist\u00e4v\u00e4st\u00e4 sis\u00e4ll\u00f6ntuotannosta tai riippumattomasta journalistisesta tiedonv\u00e4lityksest\u00e4.<\/p>\n[\/mk_fancy_title][vc_separator][\/vc_column][\/vc_row][vc_row][vc_column][\/vc_column][\/vc_row][vc_row][vc_column width=&#8221;1\/3&#8243;][\/vc_column][vc_column width=&#8221;1\/3&#8243;][\/vc_column][\/vc_row][vc_row][vc_column width=&#8221;1\/3&#8243;][mk_fancy_title size=&#8221;22&#8243; font_family=&#8221;Roboto+Slab&#8221; font_type=&#8221;google&#8221; responsive_align=&#8221;left&#8221;]\n<p style=\"text-align: left;\">Markkinointia ja viestint\u00e4\u00e4<\/p>\n[\/mk_fancy_title][vc_column_text disable_pattern=&#8221;false&#8221; css=&#8221;.vc_custom_1648985877594{margin-bottom: 0px !important;}&#8221;]\n<div>\n<p>Autan sinua kertomaan, kuinka tuotteesi, palvelusi,\u00a0aatteesi tai ajatuksesi tekee el\u00e4m\u00e4st\u00e4 parempaa. Merkityksellinen sis\u00e4lt\u00f6 koukuttaa ja sitouttaa\u00a0kohderyhm\u00e4si. Oikein ajoitettu, selke\u00e4 viesti vie kohti\u00a0toimintaa. Markkinointiviestinn\u00e4ss\u00e4kin totuus on\u00a0t\u00e4rke\u00e4\u00e4 \u2013 asiakas arvostaa faktoja falskiuden sijaan. Laadin puolestasi puhuttelevat ja helposti\u00a0ymm\u00e4rrett\u00e4v\u00e4t tekstisis\u00e4ll\u00f6t, jotka johtavat aiottuun\u00a0tavoitteeseen.<\/p>\n<\/div>\n[\/vc_column_text][\/vc_column][vc_column width=&#8221;1\/3&#8243;][mk_fancy_title size=&#8221;22&#8243; font_family=&#8221;Roboto+Slab&#8221; font_type=&#8221;google&#8221; responsive_align=&#8221;left&#8221;]\n<p style=\"text-align: left;\">Journalistisia tekstej\u00e4<\/p>\n[\/mk_fancy_title][vc_column_text css=&#8221;.vc_custom_1648985897833{margin-bottom: 0px !important;}&#8221;]\n<div>\n<p>Laita lukija aidosti viihtym\u00e4\u00e4n lehtesi\u00a0parissa. Laadin kohderyhm\u00e4\u00e4si\u00a0kiinnostavat jutut lehteesi yhdess\u00e4\u00a0sovitusta n\u00e4k\u00f6kulmasta, toivomaasi\u00a0tyyliin. Erityisesti taidan terveyteen ja\u00a0hyvinvointiin, psykologiaan ja\u00a0ty\u00f6el\u00e4m\u00e4\u00e4n liittyv\u00e4t aiheet. Etsin tiedon,\u00a0tarkistan taustat ja tiivist\u00e4n teemasta\u00a0todenmukaisen tulkinnan.<\/p>\n<\/div>\n[\/vc_column_text][\/vc_column][vc_column width=&#8221;1\/3&#8243;][mk_fancy_title size=&#8221;22&#8243; font_family=&#8221;Roboto+Slab&#8221; font_type=&#8221;google&#8221; responsive_align=&#8221;left&#8221;]Editointia[\/mk_fancy_title][vc_column_text css=&#8221;.vc_custom_1648985915024{margin-bottom: 0px !important;}&#8221;]\n<div>\n<p>Kaipaako tekstisi editointia ja\u00a0kielenhuoltoa? Poimin punaisen langan,\u00a0sujuvoitan sanasi ja viimeistelen\u00a0puolivalmiin jutun\u00a0julkaisukelpoiseksi tekstiksi.<\/p>\n<\/div>\n[\/vc_column_text][\/vc_column][\/vc_row][vc_row][vc_column][\/vc_column][vc_column][vc_separator][\/vc_column][\/vc_row][vc_row][vc_column width=&#8221;1\/2&#8243;][mk_fancy_title size=&#8221;22&#8243; force_font_size=&#8221;true&#8221; size_phone=&#8221;30&#8243; font_family=&#8221;Roboto+Slab&#8221; font_type=&#8221;google&#8221;]\n<p style=\"text-align: left;\">Outi Romero, terveysviestinn\u00e4n<br \/>\nammattilainen.[\/mk_fancy_title][mk_fancy_title size=&#8221;16&#8243; force_font_size=&#8221;true&#8221; size_phone=&#8221;20&#8243; font_family=&#8221;none&#8221; align=&#8221;center&#8221;]\n<p style=\"text-align: left;\">Terveyden termit ovat tuttuja ja\u00a0kansantajuistan kimurantitkin aiheet\u00a0suurelle yleis\u00f6lle. Osaan my\u00f6s puhutella terveydenhuollon ammattilaisia ja taidan sote-alan ty\u00f6ntekij\u00f6ille suunnatut sis\u00e4ll\u00f6t.<\/p>\n<p style=\"text-align: left;\">Osaamiseni pohjaa pitk\u00e4\u00e4n\u00a0ty\u00f6kokemukseeni terveys- ja\u00a0tiedeviestinn\u00e4n saralla sek\u00e4 kattavaan\u00a0koulutukseeni yhteiskunta- ja\u00a0terveystieteiss\u00e4 (VTM, TtK, v\u00e4est\u00f6n terveyden edist\u00e4minen, ty\u00f6hyvinvointi).<\/p>\n<p style=\"text-align: left;\">Ennen yritt\u00e4j\u00e4ksi ryhtymist\u00e4 toimin 10 vuotta L\u00e4\u00e4k\u00e4riseura Duodecimin viestint\u00e4p\u00e4\u00e4llikk\u00f6n\u00e4 ja sit\u00e4 ennen erilaisissa viestinn\u00e4n teht\u00e4viss\u00e4 kansanterveys- ja potilasj\u00e4rjest\u00f6iss\u00e4. Lue lis\u00e4\u00e4 ty\u00f6kokemuksestani ja koulutuksestani <a href=\"https:\/\/www.linkedin.com\/in\/outi-romero-635b5965\/\">Linkkarista<\/a>!<\/p>\n[\/mk_fancy_title][\/vc_column][vc_column width=&#8221;1\/2&#8243;][vc_single_image image=&#8221;231&#8243; img_size=&#8221;medium&#8221;][\/vc_column][\/vc_row][vc_row][vc_column][vc_separator][mk_fancy_title tag_name=&#8221;h3&#8243; size=&#8221;20&#8243; line_height=&#8221;80&#8243; font_family=&#8221;none&#8221; responsive_align=&#8221;left&#8221;]\n<p style=\"text-align: left;\">Outi Romero tmi<\/p>\n<p style=\"text-align: left;\">outi.romero(at)gmail.com<\/p>\n[\/mk_fancy_title][vc_separator][\/vc_column][\/vc_row]\n","protected":false},"excerpt":{"rendered":"<p>[vc_row][vc_column][vc_single_image image=&#8221;246&#8243; img_size=&#8221;full&#8221; add_caption=&#8221;yes&#8221;][mk_fancy_title size=&#8221;59&#8243; force_font_size=&#8221;true&#8221; font_family=&#8221;Roboto+Slab&#8221; font_type=&#8221;google&#8221;] Luotettavasti tieteest\u00e4, ty\u00f6el\u00e4m\u00e4st\u00e4 ja terveydest\u00e4 [\/mk_fancy_title][\/vc_column][\/vc_row][vc_row][vc_column][vc_separator][mk_fancy_title size=&#8221;30&#8243; font_family=&#8221;none&#8221; align=&#8221;center&#8221;] Tarvitsetko taidokasta teksti\u00e4, jossa faktat ovat kohdillaan?\u00a0Olet oikeassa paikassa.\u00a0Minulta saat sytytt\u00e4vi\u00e4 sanoja tiedosta tinkim\u00e4tt\u00e4, olipa kyse mediaviestinn\u00e4st\u00e4, myynti\u00e4 edist\u00e4v\u00e4st\u00e4 sis\u00e4ll\u00f6ntuotannosta tai riippumattomasta journalistisesta tiedonv\u00e4lityksest\u00e4. [\/mk_fancy_title][vc_separator][\/vc_column][\/vc_row][vc_row][vc_column][\/vc_column][\/vc_row][vc_row][vc_column width=&#8221;1\/3&#8243;][\/vc_column][vc_column width=&#8221;1\/3&#8243;][\/vc_column][\/vc_row][vc_row][vc_column width=&#8221;1\/3&#8243;][mk_fancy_title size=&#8221;22&#8243; font_family=&#8221;Roboto+Slab&#8221; font_type=&#8221;google&#8221; responsive_align=&#8221;left&#8221;] Markkinointia ja viestint\u00e4\u00e4 [\/mk_fancy_title][vc_column_text disable_pattern=&#8221;false&#8221; css=&#8221;.vc_custom_1648985877594{margin-bottom: [&hellip;]<\/p>\n","protected":false},"author":1,"featured_media":0,"parent":0,"menu_order":0,"comment_status":"closed","ping_status":"closed","template":"","meta":{"_uag_custom_page_level_css":""},"acf":[],"uagb_featured_image_src":{"full":false,"thumbnail":false,"medium":false,"medium_large":false,"large":false,"1536x1536":false,"2048x2048":false,"image-size-150x150":false,"image-size-550x550":false,"image-size-550x550-@2x":false,"photo-album-thumbnail-small":false,"photo-album-thumbnail-square":false,"employees-large":false,"employees-small":false,"blog-magazine-thumbnail":false,"blog-magazine-thumbnail-@2x":false,"woocommerce-recent-carousel":false,"blog-carousel":false,"blog-carousel-@2x":false,"blog-showcase":false,"blog-showcase-@2x":false,"portfolio-x_x":false,"portfolio-two_x_x":false,"portfolio-four_x_x":false,"portfolio-x_two_x":false,"portfolio-two_x_two_x":false,"portfolio-three_x_two_x":false,"portfolio-three_x_x":false,"portfolio-four_x_two_x":false,"portfolio-x_x-@2x":false,"portfolio-two_x_x-@2x":false,"portfolio-four_x_x-@2x":false,"portfolio-x_two_x-@2x":false,"portfolio-two_x_two_x-@2x":false,"portfolio-three_x_x-@2x":false,"portfolio-three_x_two_x-@2x":false,"portfolio-four_x_two_x-@2x":false,"portfolio-four_x_x-@mobile":false,"portfolio-three_x_x-@mobile":false,"portfolio-three_x_two_x-@mobile":false,"portfolio-four_x_two_x-@mobile":false,"landscape-desktop":false,"landscape-tablet":false,"landscape-mobile":false,"portrait-desktop":false,"portrait-tablet":false,"portrait-mobile":false,"woocommerce_thumbnail":false,"woocommerce_single":false,"woocommerce_gallery_thumbnail":false},"uagb_author_info":{"display_name":"admin","author_link":"https:\/\/www.outiromero.fi\/?author=1"},"uagb_comment_info":0,"uagb_excerpt":"[vc_row][vc_column][vc_single_image image=&#8221;246&#8243; img_size=&#8221;full&#8221; add_caption=&#8221;yes&#8221;][mk_fancy_title size=&#8221;59&#8243; force_font_size=&#8221;true&#8221; font_family=&#8221;Roboto+Slab&#8221; font_type=&#8221;google&#8221;] Luotettavasti tieteest\u00e4, ty\u00f6el\u00e4m\u00e4st\u00e4 ja terveydest\u00e4 [\/mk_fancy_title][\/vc_column][\/vc_row][vc_row][vc_column][vc_separator][mk_fancy_title size=&#8221;30&#8243; font_family=&#8221;none&#8221; align=&#8221;center&#8221;] Tarvitsetko taidokasta teksti\u00e4, jossa faktat ovat kohdillaan?\u00a0Olet oikeassa paikassa.\u00a0Minulta saat sytytt\u00e4vi\u00e4 sanoja tiedosta tinkim\u00e4tt\u00e4, olipa kyse mediaviestinn\u00e4st\u00e4, myynti\u00e4 edist\u00e4v\u00e4st\u00e4 sis\u00e4ll\u00f6ntuotannosta tai riippumattomasta journalistisesta tiedonv\u00e4lityksest\u00e4. [\/mk_fancy_title][vc_separator][\/vc_column][\/vc_row][vc_row][vc_column][\/vc_column][\/vc_row][vc_row][vc_column width=&#8221;1\/3&#8243;][\/vc_column][vc_column width=&#8221;1\/3&#8243;][\/vc_column][\/vc_row][vc_row][vc_column width=&#8221;1\/3&#8243;][mk_fancy_title size=&#8221;22&#8243; font_family=&#8221;Roboto+Slab&#8221; font_type=&#8221;google&#8221; responsive_align=&#8221;left&#8221;] Markkinointia ja viestint\u00e4\u00e4 [\/mk_fancy_title][vc_column_text disable_pattern=&#8221;false&#8221; css=&#8221;.vc_custom_1648985877594{margin-bottom:&hellip;","_links":{"self":[{"href":"https:\/\/www.outiromero.fi\/index.php?rest_route=\/wp\/v2\/pages\/205"}],"collection":[{"href":"https:\/\/www.outiromero.fi\/index.php?rest_route=\/wp\/v2\/pages"}],"about":[{"href":"https:\/\/www.outiromero.fi\/index.php?rest_route=\/wp\/v2\/types\/page"}],"author":[{"embeddable":true,"href":"https:\/\/www.outiromero.fi\/index.php?rest_route=\/wp\/v2\/users\/1"}],"replies":[{"embeddable":true,"href":"https:\/\/www.outiromero.fi\/index.php?rest_route=%2Fwp%2Fv2%2Fcomments&post=205"}],"version-history":[{"count":39,"href":"https:\/\/www.outiromero.fi\/index.php?rest_route=\/wp\/v2\/pages\/205\/revisions"}],"predecessor-version":[{"id":258,"href":"https:\/\/www.outiromero.fi\/index.php?rest_route=\/wp\/v2\/pages\/205\/revisions\/258"}],"wp:attachment":[{"href":"https:\/\/www.outiromero.fi\/index.php?rest_route=%2Fwp%2Fv2%2Fmedia&parent=205"}],"curies":[{"name":"wp","href":"https:\/\/api.w.org\/{rel}","templated":true}]}}